{"id":548,"date":"2022-04-20T15:22:43","date_gmt":"2022-04-20T13:22:43","guid":{"rendered":"https:\/\/pb.lochbronner.com\/?page_id=548"},"modified":"2026-02-14T10:41:22","modified_gmt":"2026-02-14T09:41:22","slug":"impressum","status":"publish","type":"page","link":"https:\/\/www.lochbronner.com\/en\/impressum\/","title":{"rendered":"Imprint"},"content":{"rendered":"<p>Sebastian Lochbronner<br>Schrannenplatz 9<br>86830 Schwabm\u00fcnchen<br>Germany<\/p>\n\n\n\n<p><strong>Tel:<\/strong>&nbsp;+49 8232 9958999<br><strong>Email:<\/strong>&nbsp;<a href=\"mailto:info@lochbronner.com\">info@lochbronner.com<\/a><\/p>\n\n\n\n<p><strong>Sales tax identification number<\/strong>&nbsp;according to \u00a7 27 a sales tax law: DE306805659<\/p>\n\n\n\n<p>We are neither obligated nor willing to participate in dispute resolution proceedings before a consumer arbitration board.<\/p>\n\n\n\n<p><strong>Responsible person in the sense of \u00a7 18 para. 2 MStV:<\/strong><br>Sebastian Lochbronner (address see above)<\/p>\n\n\n\n<p><strong>Professional liability insurance information:<\/strong><br>Name and registered office of the insurer:<br>N\u00dcRNBERGER Allgemeine Versicherungs-AG<br>Ostend Street 100<br>90334 Nuremberg<\/p>\n\n\n\n<p><strong>Image sources:<\/strong><\/p>\n\n\n\n<p>\u00a9 Vitalinko \/ Fotolia.com<br>\u00a9 goodluz \/ Fotolia.com<br>\u00a9 Jag_cz \/ Fotolia.com<br>\u00a9 Thomas Neumahr \/ Fotolia.com<br>\u00a9 Brent Hofacker \/ Fotolia.com<br>\u00a9 LOMBAGINE AG<br>\u00a9 vasabii \/ 123RF Royalty Free Images<br>\u00a9 Natalia Klenova \/ Fotolia.com<br>\u00a9 hurca.com \/ Fotolia.com<br>\u00a9 GaudiLab\/Shutterstock.com<br>\u00a9 darkovujic \/ 123RF Royalty Free Images<br>\u00a9 Irina \/ Fotolia.com<br>\u00a9&nbsp;<a href=\"https:\/\/www.freepik.com\/free-vector\/astronaut-on-the-moon-vector_2461931.htm\">Astronaut on the moon - Designed by Freepik<\/a><br>\u00a9&nbsp;<a href=\"https:\/\/www.freepik.com\/free-photos-vectors\/background\">Background vector created by starline - www.freepik.com<\/a><br>\u00a9&nbsp;<a href=\"https:\/\/www.freepik.com\/free-photos-vectors\/hand\">Hand photo created by katemangostar - www.freepik.com<\/a><br>\u00a9 Animated icons by&nbsp;<a href=\"http:\/\/lordicon.com\/\">lordicon.com<\/a><br>\u00a9 Illustration by&nbsp;<a href=\"https:\/\/icons8.com\/illustrations\/author\/5eb2a7bd01d0360019f124e7\">Olha Khomich<\/a>&nbsp;from&nbsp;<a href=\"https:\/\/icons8.com\/illustrations\">Ouch!<\/a><br>\u00a9 <a href=\"https:\/\/de.freepik.com\/vektoren-kostenlos\/hand-gezeichnete-luftschiff-retro-stil_2782996.htm#fromView=search&amp;page=1&amp;position=12&amp;uuid=b6013a59-28f6-4381-967f-d8767dfa6f64\">hand drawn airship retro style - freepik.com<\/a><\/p>","protected":false},"excerpt":{"rendered":"<p>Sebastian LochbronnerSchrannenplatz 986830 Schwabm\u00fcnchenDeutschland Tel.:&nbsp;+49 8232 9958999E-Mail:&nbsp;info@lochbronner.com Umsatzsteuer-Identifikationsnummer&nbsp;gem\u00e4\u00df \u00a7 27 a Umsatzsteuergesetz: DE306805659 Wir sind zur Teilnahme an einem Streitbeilegungsverfahren vor einer Verbraucherschlichtungsstelle weder verpflichtet noch bereit. Verantwortliche\/r i.S.d. \u00a7 18 Abs. 2 MStV:Sebastian Lochbronner (Anschrift siehe oben) Angaben zur Berufshaftpflichtversicherung:Name und Sitz des Versicherers:N\u00dcRNBERGER Allgemeine Versicherungs-AGOstendstra\u00dfe 10090334 N\u00fcrnberg Bildquellen: \u00a9 Vitalinko \/ Fotolia.com\u00a9 goodluz [&hellip;]<\/p>\n","protected":false},"author":3,"featured_media":0,"parent":0,"menu_order":0,"comment_status":"closed","ping_status":"closed","template":"","meta":{"_acf_changed":false,"inline_featured_image":false,"footnotes":""},"class_list":["post-548","page","type-page","status-publish","hentry"],"acf":[],"yoast_head":"<!-- This site is optimized with the Yoast SEO plugin v27.5 - https:\/\/yoast.com\/product\/yoast-seo-wordpress\/ -->\n<title>Impressum - Sebastian Lochbronner<\/title>\n<meta name=\"robots\" content=\"index, follow, max-snippet:-1, max-image-preview:large, max-video-preview:-1\" \/>\n<link rel=\"canonical\" href=\"https:\/\/www.lochbronner.com\/en\/impressum\/\" \/>\n<meta property=\"og:locale\" content=\"en_US\" \/>\n<meta property=\"og:type\" content=\"article\" \/>\n<meta property=\"og:title\" content=\"Impressum - Sebastian Lochbronner\" \/>\n<meta property=\"og:description\" content=\"Sebastian LochbronnerSchrannenplatz 986830 Schwabm\u00fcnchenDeutschland Tel.:&nbsp;+49 8232 9958999E-Mail:&nbsp;info@lochbronner.com Umsatzsteuer-Identifikationsnummer&nbsp;gem\u00e4\u00df \u00a7 27 a Umsatzsteuergesetz: DE306805659 Wir sind zur Teilnahme an einem Streitbeilegungsverfahren vor einer Verbraucherschlichtungsstelle weder verpflichtet noch bereit. Verantwortliche\/r i.S.d. \u00a7 18 Abs. 2 MStV:Sebastian Lochbronner (Anschrift siehe oben) Angaben zur Berufshaftpflichtversicherung:Name und Sitz des Versicherers:N\u00dcRNBERGER Allgemeine Versicherungs-AGOstendstra\u00dfe 10090334 N\u00fcrnberg Bildquellen: \u00a9 Vitalinko \/ Fotolia.com\u00a9 goodluz [&hellip;]\" \/>\n<meta property=\"og:url\" content=\"https:\/\/www.lochbronner.com\/en\/impressum\/\" \/>\n<meta property=\"og:site_name\" content=\"Sebastian Lochbronner\" \/>\n<meta property=\"article:modified_time\" content=\"2026-02-14T09:41:22+00:00\" \/>\n<meta name=\"twitter:card\" content=\"summary_large_image\" \/>\n<meta name=\"twitter:label1\" content=\"Est. reading time\" \/>\n\t<meta name=\"twitter:data1\" content=\"1 minute\" \/>\n<script type=\"application\/ld+json\" class=\"yoast-schema-graph\">{\"@context\":\"https:\\\/\\\/schema.org\",\"@graph\":[{\"@type\":\"WebPage\",\"@id\":\"https:\\\/\\\/www.lochbronner.com\\\/impressum\\\/\",\"url\":\"https:\\\/\\\/www.lochbronner.com\\\/impressum\\\/\",\"name\":\"Impressum - Sebastian Lochbronner\",\"isPartOf\":{\"@id\":\"https:\\\/\\\/www.lochbronner.com\\\/#website\"},\"datePublished\":\"2022-04-20T13:22:43+00:00\",\"dateModified\":\"2026-02-14T09:41:22+00:00\",\"breadcrumb\":{\"@id\":\"https:\\\/\\\/www.lochbronner.com\\\/impressum\\\/#breadcrumb\"},\"inLanguage\":\"en-US\",\"potentialAction\":[{\"@type\":\"ReadAction\",\"target\":[\"https:\\\/\\\/www.lochbronner.com\\\/impressum\\\/\"]}]},{\"@type\":\"BreadcrumbList\",\"@id\":\"https:\\\/\\\/www.lochbronner.com\\\/impressum\\\/#breadcrumb\",\"itemListElement\":[{\"@type\":\"ListItem\",\"position\":1,\"name\":\"Startseite\",\"item\":\"https:\\\/\\\/www.lochbronner.com\\\/\"},{\"@type\":\"ListItem\",\"position\":2,\"name\":\"Impressum\"}]},{\"@type\":\"WebSite\",\"@id\":\"https:\\\/\\\/www.lochbronner.com\\\/#website\",\"url\":\"https:\\\/\\\/www.lochbronner.com\\\/\",\"name\":\"Sebastian Lochbronner\",\"description\":\"Designer, Unternehmer, Espressoliebhaber\",\"potentialAction\":[{\"@type\":\"SearchAction\",\"target\":{\"@type\":\"EntryPoint\",\"urlTemplate\":\"https:\\\/\\\/www.lochbronner.com\\\/?s={search_term_string}\"},\"query-input\":{\"@type\":\"PropertyValueSpecification\",\"valueRequired\":true,\"valueName\":\"search_term_string\"}}],\"inLanguage\":\"en-US\"}]}<\/script>\n<!-- \/ Yoast SEO plugin. -->","yoast_head_json":{"title":"Imprint - Sebastian Lochbronner","robots":{"index":"index","follow":"follow","max-snippet":"max-snippet:-1","max-image-preview":"max-image-preview:large","max-video-preview":"max-video-preview:-1"},"canonical":"https:\/\/www.lochbronner.com\/en\/impressum\/","og_locale":"en_US","og_type":"article","og_title":"Impressum - Sebastian Lochbronner","og_description":"Sebastian LochbronnerSchrannenplatz 986830 Schwabm\u00fcnchenDeutschland Tel.:&nbsp;+49 8232 9958999E-Mail:&nbsp;info@lochbronner.com Umsatzsteuer-Identifikationsnummer&nbsp;gem\u00e4\u00df \u00a7 27 a Umsatzsteuergesetz: DE306805659 Wir sind zur Teilnahme an einem Streitbeilegungsverfahren vor einer Verbraucherschlichtungsstelle weder verpflichtet noch bereit. Verantwortliche\/r i.S.d. \u00a7 18 Abs. 2 MStV:Sebastian Lochbronner (Anschrift siehe oben) Angaben zur Berufshaftpflichtversicherung:Name und Sitz des Versicherers:N\u00dcRNBERGER Allgemeine Versicherungs-AGOstendstra\u00dfe 10090334 N\u00fcrnberg Bildquellen: \u00a9 Vitalinko \/ Fotolia.com\u00a9 goodluz [&hellip;]","og_url":"https:\/\/www.lochbronner.com\/en\/impressum\/","og_site_name":"Sebastian Lochbronner","article_modified_time":"2026-02-14T09:41:22+00:00","twitter_card":"summary_large_image","twitter_misc":{"Est. reading time":"1 minute"},"schema":{"@context":"https:\/\/schema.org","@graph":[{"@type":"WebPage","@id":"https:\/\/www.lochbronner.com\/impressum\/","url":"https:\/\/www.lochbronner.com\/impressum\/","name":"Imprint - Sebastian Lochbronner","isPartOf":{"@id":"https:\/\/www.lochbronner.com\/#website"},"datePublished":"2022-04-20T13:22:43+00:00","dateModified":"2026-02-14T09:41:22+00:00","breadcrumb":{"@id":"https:\/\/www.lochbronner.com\/impressum\/#breadcrumb"},"inLanguage":"en-US","potentialAction":[{"@type":"ReadAction","target":["https:\/\/www.lochbronner.com\/impressum\/"]}]},{"@type":"BreadcrumbList","@id":"https:\/\/www.lochbronner.com\/impressum\/#breadcrumb","itemListElement":[{"@type":"ListItem","position":1,"name":"Startseite","item":"https:\/\/www.lochbronner.com\/"},{"@type":"ListItem","position":2,"name":"Impressum"}]},{"@type":"WebSite","@id":"https:\/\/www.lochbronner.com\/#website","url":"https:\/\/www.lochbronner.com\/","name":"Sebastian Lochbronner","description":"Designer, entrepreneur, espresso lover","potentialAction":[{"@type":"SearchAction","target":{"@type":"EntryPoint","urlTemplate":"https:\/\/www.lochbronner.com\/?s={search_term_string}"},"query-input":{"@type":"PropertyValueSpecification","valueRequired":true,"valueName":"search_term_string"}}],"inLanguage":"en-US"}]}},"_links":{"self":[{"href":"https:\/\/www.lochbronner.com\/en\/wp-json\/wp\/v2\/pages\/548","targetHints":{"allow":["GET"]}}],"collection":[{"href":"https:\/\/www.lochbronner.com\/en\/wp-json\/wp\/v2\/pages"}],"about":[{"href":"https:\/\/www.lochbronner.com\/en\/wp-json\/wp\/v2\/types\/page"}],"author":[{"embeddable":true,"href":"https:\/\/www.lochbronner.com\/en\/wp-json\/wp\/v2\/users\/3"}],"replies":[{"embeddable":true,"href":"https:\/\/www.lochbronner.com\/en\/wp-json\/wp\/v2\/comments?post=548"}],"version-history":[{"count":6,"href":"https:\/\/www.lochbronner.com\/en\/wp-json\/wp\/v2\/pages\/548\/revisions"}],"predecessor-version":[{"id":4954,"href":"https:\/\/www.lochbronner.com\/en\/wp-json\/wp\/v2\/pages\/548\/revisions\/4954"}],"wp:attachment":[{"href":"https:\/\/www.lochbronner.com\/en\/wp-json\/wp\/v2\/media?parent=548"}],"curies":[{"name":"wp","href":"https:\/\/api.w.org\/{rel}","templated":true}]}}